{"id":1016,"date":"2021-02-10T21:32:11","date_gmt":"2021-02-10T21:32:11","guid":{"rendered":"https:\/\/norddach.pl\/?page_id=1016"},"modified":"2021-03-05T16:15:46","modified_gmt":"2021-03-05T16:15:46","slug":"o-nas","status":"publish","type":"page","link":"https:\/\/norddach.pl\/index.php\/o-nas\/","title":{"rendered":"O NAS"},"content":{"rendered":"\t\t<div data-elementor-type=\"wp-page\" data-elementor-id=\"1016\" class=\"elementor elementor-1016\" data-elementor-settings=\"[]\">\n\t\t\t\t\t\t\t<div class=\"elementor-section-wrap\">\n\t\t\t\t\t\t\t<section class=\"elementor-section elementor-top-section elementor-element elementor-element-728dc04 elementor-section-boxed elementor-section-height-default elementor-section-height-default\" data-id=\"728dc04\" data-element_type=\"section\">\n\t\t\t\t\t\t<div class=\"elementor-container elementor-column-gap-default\">\n\t\t\t\t\t<div class=\"elementor-column elementor-col-100 elementor-top-column elementor-element elementor-element-28d048a\" data-id=\"28d048a\" data-element_type=\"column\">\n\t\t\t<div class=\"elementor-widget-wrap elementor-element-populated\">\n\t\t\t\t\t\t\t\t<div class=\"elementor-element elementor-element-23ccf8f elementor-widget elementor-widget-image\" data-id=\"23ccf8f\" data-element_type=\"widget\" data-widget_type=\"image.default\">\n\t\t\t\t<div class=\"elementor-widget-container\">\n\t\t\t\t\t<div class=\"elementor-image\">\n\t\t\t\t\t\t\t\t\t\t<img width=\"812\" height=\"130\" src=\"https:\/\/norddach.pl\/wp-content\/uploads\/2021\/02\/head3-1024x164.jpg\" class=\"attachment-large size-large\" alt=\"\" loading=\"lazy\" srcset=\"https:\/\/norddach.pl\/wp-content\/uploads\/2021\/02\/head3-1024x164.jpg 1024w, https:\/\/norddach.pl\/wp-content\/uploads\/2021\/02\/head3-300x48.jpg 300w, https:\/\/norddach.pl\/wp-content\/uploads\/2021\/02\/head3-768x123.jpg 768w, https:\/\/norddach.pl\/wp-content\/uploads\/2021\/02\/head3.jpg 1500w\" sizes=\"(max-width: 812px) 100vw, 812px\" \/>\t\t\t\t\t\t\t\t\t\t\t<\/div>\n\t\t\t\t<\/div>\n\t\t\t\t<\/div>\n\t\t\t\t\t<\/div>\n\t\t<\/div>\n\t\t\t\t\t\t\t<\/div>\n\t\t<\/section>\n\t\t\t\t<section class=\"elementor-section elementor-top-section elementor-element elementor-element-1586a6f elementor-section-boxed elementor-section-height-default elementor-section-height-default\" data-id=\"1586a6f\" data-element_type=\"section\">\n\t\t\t\t\t\t<div class=\"elementor-container elementor-column-gap-default\">\n\t\t\t\t\t<div class=\"elementor-column elementor-col-100 elementor-top-column elementor-element elementor-element-ae8b4af\" data-id=\"ae8b4af\" data-element_type=\"column\">\n\t\t\t<div class=\"elementor-widget-wrap elementor-element-populated\">\n\t\t\t\t\t\t\t\t<div class=\"elementor-element elementor-element-1ce1f14 elementor-widget elementor-widget-heading\" data-id=\"1ce1f14\" data-element_type=\"widget\" data-widget_type=\"heading.default\">\n\t\t\t\t<div class=\"elementor-widget-container\">\n\t\t\t<h2 class=\"elementor-heading-title elementor-size-default\">O NAS<\/h2>\t\t<\/div>\n\t\t\t\t<\/div>\n\t\t\t\t\t<\/div>\n\t\t<\/div>\n\t\t\t\t\t\t\t<\/div>\n\t\t<\/section>\n\t\t\t\t<section class=\"elementor-section elementor-top-section elementor-element elementor-element-5cbc98b elementor-section-boxed elementor-section-height-default elementor-section-height-default\" data-id=\"5cbc98b\" data-element_type=\"section\">\n\t\t\t\t\t\t<div class=\"elementor-container elementor-column-gap-default\">\n\t\t\t\t\t<div class=\"elementor-column elementor-col-25 elementor-top-column elementor-element elementor-element-d9e2a53\" data-id=\"d9e2a53\" data-element_type=\"column\">\n\t\t\t<div class=\"elementor-widget-wrap elementor-element-populated\">\n\t\t\t\t\t\t\t\t<div class=\"elementor-element elementor-element-910ba98 elementor-widget elementor-widget-text-editor\" data-id=\"910ba98\" data-element_type=\"widget\" data-widget_type=\"text-editor.default\">\n\t\t\t\t<div class=\"elementor-widget-container\">\n\t\t\t\t\t<div class=\"elementor-text-editor elementor-clearfix\"><p class=\"Normalny tm5\"><span class=\"tm6\">Firma Nord-Dach istnieje od 2012 roku jednak pierwsze do\u015bwiadczenia zwi\u0105zane z\u00a0pracami dekarskimi si\u0119gaj\u0105 jeszcze kilka lat wstecz. Podstaw\u0105 dzia\u0142alno\u015bci firmy s\u0105 wszelkie prace zwi\u0105zane z\u00a0dachami\ni konstrukcjami drewnianymi.<\/span><\/p>\n<p class=\"Normalny tm5\"><span class=\"tm6\">Zrealizowali\u015bmy setki projekt\u00f3w, kt\u00f3re obejmowa\u0142y wi\u0119\u017aby dachowe, pokrycia dachowe oraz stolark\u0119 okienn\u0105.\u00a0<\/span><\/p>\n<p class=\"Normalny tm5\"><span class=\"tm6\">Ponadto wykonali\u015bmy liczne konstrukcje drewniane (domki letniskowe, wiaty gara\u017cowe, drewutnie) oraz domy szkieletowe\nw konstrukcji skandynawskiej.<\/span><\/p>\n<p class=\"Normalny tm5\"><span class=\"tm6\">Je\u017celi chodzi o pokrycia dachowe wykonujemy je u\u017cywaj\u0105c niemal wszystkich dost\u0119pnych na rynku materia\u0142\u00f3w.\u00a0<\/span><\/p><\/div>\n\t\t\t\t<\/div>\n\t\t\t\t<\/div>\n\t\t\t\t\t<\/div>\n\t\t<\/div>\n\t\t\t\t<div class=\"elementor-column elementor-col-25 elementor-top-column elementor-element elementor-element-19349b3\" data-id=\"19349b3\" data-element_type=\"column\">\n\t\t\t<div class=\"elementor-widget-wrap elementor-element-populated\">\n\t\t\t\t\t\t\t\t<div class=\"elementor-element elementor-element-51e9571 elementor-widget elementor-widget-text-editor\" data-id=\"51e9571\" data-element_type=\"widget\" data-widget_type=\"text-editor.default\">\n\t\t\t\t<div class=\"elementor-widget-container\">\n\t\t\t\t\t<div class=\"elementor-text-editor elementor-clearfix\"><span class=\"tm6\">W\u00a0zale\u017cno\u015bci od oczekiwa\u0144 klienta oferujemy indywidualn\u0105 pomoc w\u00a0doborze odpowiednich produkt\u00f3w zwracaj\u0105c baczn\u0105 uwag\u0119 na ich trwa\u0142o\u015b\u0107 i wygl\u0105d.<\/span>\n<p class=\"Normalny tm5\"><span class=\"tm6\">W 2020 roku w naszej ofercie pojawi\u0142y si\u0119 instalacje fotowoltaiczne. Oferujemy monta\u017c paneli, ale tak\u017ce pomoc w doborze w\u0142a\u015bciwej instalacji.<\/span><\/p>\n<p class=\"Normalny tm5\"><span class=\"tm6\">Pomagamy naszym klientom w\u00a0formalno\u015bciach zwi\u0105zanych z pod\u0142\u0105czeniem instalacji do sieci oraz w\u00a0uzyskaniu dofinansowania.<\/span><\/p>\n<p class=\"Normalny tm5\"><span class=\"tm6\">Charakteryzuje nas wysoka jako\u015b\u0107 wykonywanych projekt\u00f3w pod wzgl\u0119dem technicznym i\u00a0estetycznym, co przek\u0142ada si\u0119 na stuprocentowe zadowolenie klient\u00f3w.<\/span><\/p>\n<p class=\"Normalny tm5\"><span class=\"tm6\">Potwierdzeniem rzetelno\u015bci firmy s\u0105 rekomendacje os\u00f3b, kt\u00f3re mia\u0142y mo\u017cliwo\u015b\u0107 skorzysta\u0107 z\u00a0naszej wiedzy i\u00a0do\u015bwiadczenia.<\/span><\/p><\/div>\n\t\t\t\t<\/div>\n\t\t\t\t<\/div>\n\t\t\t\t\t<\/div>\n\t\t<\/div>\n\t\t\t\t<div class=\"elementor-column elementor-col-50 elementor-top-column elementor-element elementor-element-4cf2b11\" data-id=\"4cf2b11\" data-element_type=\"column\">\n\t\t\t<div class=\"elementor-widget-wrap elementor-element-populated\">\n\t\t\t\t\t\t\t\t<div class=\"elementor-element elementor-element-5ef8013 elementor-widget elementor-widget-image\" data-id=\"5ef8013\" data-element_type=\"widget\" data-widget_type=\"image.default\">\n\t\t\t\t<div class=\"elementor-widget-container\">\n\t\t\t\t\t<div class=\"elementor-image\">\n\t\t\t\t\t\t\t\t\t\t<img width=\"812\" height=\"457\" src=\"https:\/\/norddach.pl\/wp-content\/uploads\/2021\/02\/20201002_151632-\u2014-v2-1024x576.jpg\" class=\"attachment-large size-large\" alt=\"\" loading=\"lazy\" srcset=\"https:\/\/norddach.pl\/wp-content\/uploads\/2021\/02\/20201002_151632-\u2014-v2-1024x576.jpg 1024w, https:\/\/norddach.pl\/wp-content\/uploads\/2021\/02\/20201002_151632-\u2014-v2-300x169.jpg 300w, https:\/\/norddach.pl\/wp-content\/uploads\/2021\/02\/20201002_151632-\u2014-v2-768x432.jpg 768w, https:\/\/norddach.pl\/wp-content\/uploads\/2021\/02\/20201002_151632-\u2014-v2-1536x864.jpg 1536w, https:\/\/norddach.pl\/wp-content\/uploads\/2021\/02\/20201002_151632-\u2014-v2-2048x1152.jpg 2048w\" sizes=\"(max-width: 812px) 100vw, 812px\" \/>\t\t\t\t\t\t\t\t\t\t\t<\/div>\n\t\t\t\t<\/div>\n\t\t\t\t<\/div>\n\t\t\t\t<div class=\"elementor-element elementor-element-ffacfe9 elementor-widget elementor-widget-image\" data-id=\"ffacfe9\" data-element_type=\"widget\" data-widget_type=\"image.default\">\n\t\t\t\t<div class=\"elementor-widget-container\">\n\t\t\t\t\t<div class=\"elementor-image\">\n\t\t\t\t\t\t\t\t\t\t<img width=\"812\" height=\"457\" src=\"https:\/\/norddach.pl\/wp-content\/uploads\/2021\/02\/20201002_151632-\u2014-kopia-2-\u2014-kopia-1024x576.jpg\" class=\"attachment-large size-large\" alt=\"\" loading=\"lazy\" srcset=\"https:\/\/norddach.pl\/wp-content\/uploads\/2021\/02\/20201002_151632-\u2014-kopia-2-\u2014-kopia-1024x576.jpg 1024w, https:\/\/norddach.pl\/wp-content\/uploads\/2021\/02\/20201002_151632-\u2014-kopia-2-\u2014-kopia-300x169.jpg 300w, https:\/\/norddach.pl\/wp-content\/uploads\/2021\/02\/20201002_151632-\u2014-kopia-2-\u2014-kopia-768x432.jpg 768w, https:\/\/norddach.pl\/wp-content\/uploads\/2021\/02\/20201002_151632-\u2014-kopia-2-\u2014-kopia-1536x864.jpg 1536w, https:\/\/norddach.pl\/wp-content\/uploads\/2021\/02\/20201002_151632-\u2014-kopia-2-\u2014-kopia-2048x1152.jpg 2048w\" sizes=\"(max-width: 812px) 100vw, 812px\" \/>\t\t\t\t\t\t\t\t\t\t\t<\/div>\n\t\t\t\t<\/div>\n\t\t\t\t<\/div>\n\t\t\t\t\t<\/div>\n\t\t<\/div>\n\t\t\t\t\t\t\t<\/div>\n\t\t<\/section>\n\t\t\t\t<section class=\"elementor-section elementor-top-section elementor-element elementor-element-979a4c5 elementor-section-boxed elementor-section-height-default elementor-section-height-default\" data-id=\"979a4c5\" data-element_type=\"section\" data-settings=\"{&quot;background_background&quot;:&quot;classic&quot;}\">\n\t\t\t\t\t\t\t<div class=\"elementor-background-overlay\"><\/div>\n\t\t\t\t\t\t\t<div class=\"elementor-container elementor-column-gap-default\">\n\t\t\t\t\t<div class=\"elementor-column elementor-col-66 elementor-top-column elementor-element elementor-element-e53a8f4\" data-id=\"e53a8f4\" data-element_type=\"column\">\n\t\t\t<div class=\"elementor-widget-wrap elementor-element-populated\">\n\t\t\t\t\t\t\t\t<div class=\"elementor-element elementor-element-654a487 elementor-widget elementor-widget-heading\" data-id=\"654a487\" data-element_type=\"widget\" data-widget_type=\"heading.default\">\n\t\t\t\t<div class=\"elementor-widget-container\">\n\t\t\t<h2 class=\"elementor-heading-title elementor-size-default\">Zapraszamy do kontaktu<\/h2>\t\t<\/div>\n\t\t\t\t<\/div>\n\t\t\t\t\t<\/div>\n\t\t<\/div>\n\t\t\t\t<div class=\"elementor-column elementor-col-33 elementor-top-column elementor-element elementor-element-baacff9\" data-id=\"baacff9\" data-element_type=\"column\">\n\t\t\t<div class=\"elementor-widget-wrap elementor-element-populated\">\n\t\t\t\t\t\t\t\t<div class=\"elementor-element elementor-element-fb48404 elementor-align-center elementor-widget elementor-widget-button\" data-id=\"fb48404\" data-element_type=\"widget\" data-widget_type=\"button.default\">\n\t\t\t\t<div class=\"elementor-widget-container\">\n\t\t\t\t\t<div class=\"elementor-button-wrapper\">\n\t\t\t<a href=\"https:\/\/norddach.pl\/index.php\/kontakt\/\" class=\"elementor-button-link elementor-button elementor-size-lg\" role=\"button\">\n\t\t\t\t\t\t<span class=\"elementor-button-content-wrapper\">\n\t\t\t\t\t\t<span class=\"elementor-button-text\">KONTAKT<\/span>\n\t\t<\/span>\n\t\t\t\t\t<\/a>\n\t\t<\/div>\n\t\t\t\t<\/div>\n\t\t\t\t<\/div>\n\t\t\t\t\t<\/div>\n\t\t<\/div>\n\t\t\t\t\t\t\t<\/div>\n\t\t<\/section>\n\t\t\t\t\t\t<\/div>\n\t\t\t\t\t<\/div>\n\t\t","protected":false},"excerpt":{"rendered":"<p>O NAS Firma Nord-Dach istnieje od 2012 roku jednak pierwsze do\u015bwiadczenia zwi\u0105zane z\u00a0pracami dekarskimi si\u0119gaj\u0105 jeszcze kilka lat wstecz. Podstaw\u0105 dzia\u0142alno\u015bci firmy s\u0105 wszelkie prace zwi\u0105zane z\u00a0dachami i konstrukcjami drewnianymi. Zrealizowali\u015bmy setki projekt\u00f3w, kt\u00f3re obejmowa\u0142y wi\u0119\u017aby dachowe, pokrycia dachowe oraz stolark\u0119 okienn\u0105.\u00a0 Ponadto wykonali\u015bmy liczne konstrukcje drewniane (domki letniskowe, wiaty gara\u017cowe, drewutnie) oraz domy szkieletowe [&hellip;]<\/p>\n","protected":false},"author":1,"featured_media":0,"parent":0,"menu_order":0,"comment_status":"closed","ping_status":"closed","template":"elementor_header_footer","meta":[],"_links":{"self":[{"href":"https:\/\/norddach.pl\/index.php\/wp-json\/wp\/v2\/pages\/1016"}],"collection":[{"href":"https:\/\/norddach.pl\/index.php\/wp-json\/wp\/v2\/pages"}],"about":[{"href":"https:\/\/norddach.pl\/index.php\/wp-json\/wp\/v2\/types\/page"}],"author":[{"embeddable":true,"href":"https:\/\/norddach.pl\/index.php\/wp-json\/wp\/v2\/users\/1"}],"replies":[{"embeddable":true,"href":"https:\/\/norddach.pl\/index.php\/wp-json\/wp\/v2\/comments?post=1016"}],"version-history":[{"count":16,"href":"https:\/\/norddach.pl\/index.php\/wp-json\/wp\/v2\/pages\/1016\/revisions"}],"predecessor-version":[{"id":1218,"href":"https:\/\/norddach.pl\/index.php\/wp-json\/wp\/v2\/pages\/1016\/revisions\/1218"}],"wp:attachment":[{"href":"https:\/\/norddach.pl\/index.php\/wp-json\/wp\/v2\/media?parent=1016"}],"curies":[{"name":"wp","href":"https:\/\/api.w.org\/{rel}","templated":true}]}}