{"id":1020,"date":"2021-02-10T21:32:11","date_gmt":"2021-02-10T21:32:11","guid":{"rendered":"https:\/\/norddach.pl\/?page_id=1020"},"modified":"2021-02-10T23:12:37","modified_gmt":"2021-02-10T23:12:37","slug":"dekarstwo","status":"publish","type":"page","link":"https:\/\/norddach.pl\/index.php\/dekarstwo\/","title":{"rendered":"DEKARSTWO"},"content":{"rendered":"\t\t<div data-elementor-type=\"wp-page\" data-elementor-id=\"1020\" class=\"elementor elementor-1020\" data-elementor-settings=\"[]\">\n\t\t\t\t\t\t\t<div class=\"elementor-section-wrap\">\n\t\t\t\t\t\t\t<section class=\"elementor-section elementor-top-section elementor-element elementor-element-0bf68ad elementor-section-boxed elementor-section-height-default elementor-section-height-default\" data-id=\"0bf68ad\" data-element_type=\"section\">\n\t\t\t\t\t\t<div class=\"elementor-container elementor-column-gap-default\">\n\t\t\t\t\t<div class=\"elementor-column elementor-col-100 elementor-top-column elementor-element elementor-element-963d651\" data-id=\"963d651\" data-element_type=\"column\">\n\t\t\t<div class=\"elementor-widget-wrap elementor-element-populated\">\n\t\t\t\t\t\t\t\t<div class=\"elementor-element elementor-element-bb71a04 elementor-widget elementor-widget-image\" data-id=\"bb71a04\" data-element_type=\"widget\" data-widget_type=\"image.default\">\n\t\t\t\t<div class=\"elementor-widget-container\">\n\t\t\t\t\t<div class=\"elementor-image\">\n\t\t\t\t\t\t\t\t\t\t<img width=\"812\" height=\"130\" src=\"https:\/\/norddach.pl\/wp-content\/uploads\/2021\/02\/head3-1024x164.jpg\" class=\"attachment-large size-large\" alt=\"\" loading=\"lazy\" srcset=\"https:\/\/norddach.pl\/wp-content\/uploads\/2021\/02\/head3-1024x164.jpg 1024w, https:\/\/norddach.pl\/wp-content\/uploads\/2021\/02\/head3-300x48.jpg 300w, https:\/\/norddach.pl\/wp-content\/uploads\/2021\/02\/head3-768x123.jpg 768w, https:\/\/norddach.pl\/wp-content\/uploads\/2021\/02\/head3.jpg 1500w\" sizes=\"(max-width: 812px) 100vw, 812px\" \/>\t\t\t\t\t\t\t\t\t\t\t<\/div>\n\t\t\t\t<\/div>\n\t\t\t\t<\/div>\n\t\t\t\t\t<\/div>\n\t\t<\/div>\n\t\t\t\t\t\t\t<\/div>\n\t\t<\/section>\n\t\t\t\t<section class=\"elementor-section elementor-top-section elementor-element elementor-element-2f444af elementor-section-boxed elementor-section-height-default elementor-section-height-default\" data-id=\"2f444af\" data-element_type=\"section\">\n\t\t\t\t\t\t<div class=\"elementor-container elementor-column-gap-default\">\n\t\t\t\t\t<div class=\"elementor-column elementor-col-100 elementor-top-column elementor-element elementor-element-75775ea\" data-id=\"75775ea\" data-element_type=\"column\">\n\t\t\t<div class=\"elementor-widget-wrap elementor-element-populated\">\n\t\t\t\t\t\t\t\t<div class=\"elementor-element elementor-element-11554e9 elementor-widget elementor-widget-heading\" data-id=\"11554e9\" data-element_type=\"widget\" data-widget_type=\"heading.default\">\n\t\t\t\t<div class=\"elementor-widget-container\">\n\t\t\t<h2 class=\"elementor-heading-title elementor-size-default\">DEKARSTWO<\/h2>\t\t<\/div>\n\t\t\t\t<\/div>\n\t\t\t\t\t<\/div>\n\t\t<\/div>\n\t\t\t\t\t\t\t<\/div>\n\t\t<\/section>\n\t\t\t\t<section class=\"elementor-section elementor-top-section elementor-element elementor-element-8813e3d elementor-section-boxed elementor-section-height-default elementor-section-height-default\" data-id=\"8813e3d\" data-element_type=\"section\">\n\t\t\t\t\t\t<div class=\"elementor-container elementor-column-gap-default\">\n\t\t\t\t\t<div class=\"elementor-column elementor-col-25 elementor-top-column elementor-element elementor-element-a441187\" data-id=\"a441187\" data-element_type=\"column\">\n\t\t\t<div class=\"elementor-widget-wrap elementor-element-populated\">\n\t\t\t\t\t\t\t\t<div class=\"elementor-element elementor-element-1ce40b3 elementor-widget elementor-widget-text-editor\" data-id=\"1ce40b3\" data-element_type=\"widget\" data-widget_type=\"text-editor.default\">\n\t\t\t\t<div class=\"elementor-widget-container\">\n\t\t\t\t\t<div class=\"elementor-text-editor elementor-clearfix\"><p class=\"Normalny tm5\"><span class=\"tm6\">W pracach dekarskich jedn\u0105 z podstaw jest dba\u0142o\u015b\u0107 o szczeg\u00f3\u0142y.\n<\/span><span class=\"tm6\">U\u0142o\u017cenie dach\u00f3wki na dachu to \u017cadna sztuka &#8211; jednak odpowiednie przygotowanie konstrukcji pod pokrycie dachowe jest podstaw\u0105 zagadnienia.\u00a0<\/span><\/p>\n<p class=\"Normalny tm5\"><span class=\"tm6\">Monta\u017c systemu rynnowego, monta\u017c obr\u00f3bek blacharskich, kt\u00f3re wykonujemy indywidualnie do ka\u017cdego projektu zale\u017cnie od pokrycia i geometrii dachu.\u00a0<\/span><\/p>\n<p class=\"Normalny tm5\"><span class=\"tm6\">W\u0142a\u015bciwe i precyzyjne doci\u0119cie kosza\n&#8211; to te szczeg\u00f3\u0142y stanowi\u0105 o efekcie ko\u0144cowym.<\/span><\/p>\n<p class=\"Normalny tm5\"><\/p><\/div>\n\t\t\t\t<\/div>\n\t\t\t\t<\/div>\n\t\t\t\t\t<\/div>\n\t\t<\/div>\n\t\t\t\t<div class=\"elementor-column elementor-col-25 elementor-top-column elementor-element elementor-element-19d69e6\" data-id=\"19d69e6\" data-element_type=\"column\">\n\t\t\t<div class=\"elementor-widget-wrap elementor-element-populated\">\n\t\t\t\t\t\t\t\t<div class=\"elementor-element elementor-element-10b2292 elementor-widget elementor-widget-text-editor\" data-id=\"10b2292\" data-element_type=\"widget\" data-widget_type=\"text-editor.default\">\n\t\t\t\t<div class=\"elementor-widget-container\">\n\t\t\t\t\t<div class=\"elementor-text-editor elementor-clearfix\"><p class=\"Normalny tm5\"><span class=\"tm7\"><b>Zakres prac dekarskich:\n<\/b><\/span>\u2013 deskowanie dachu\n\u2013 krycie dach\u00f3w niemal wszystkimi dost\u0119pnymi na rynku materia\u0142ami\n\u2013 monta\u017c system\u00f3w rynnowych\n\u2013 monta\u017c okien i wy\u0142az\u00f3w dachowych\n\u2013 monta\u017c podbitki \u2013 drewnianej jak i PCV\n\u2013 ocieplenie po\u0142aci dachowych\n\u2013 obr\u00f3bki blacharskie\n\u2013 kompleksowe remonty dach\u00f3w (zmiana geometrii , podnoszenie dachu)<\/p><\/div>\n\t\t\t\t<\/div>\n\t\t\t\t<\/div>\n\t\t\t\t\t<\/div>\n\t\t<\/div>\n\t\t\t\t<div class=\"elementor-column elementor-col-50 elementor-top-column elementor-element elementor-element-98d8f64\" data-id=\"98d8f64\" data-element_type=\"column\">\n\t\t\t<div class=\"elementor-widget-wrap elementor-element-populated\">\n\t\t\t\t\t\t\t\t<div class=\"elementor-element elementor-element-4c6a933 elementor-widget elementor-widget-image\" data-id=\"4c6a933\" data-element_type=\"widget\" data-widget_type=\"image.default\">\n\t\t\t\t<div class=\"elementor-widget-container\">\n\t\t\t\t\t<div class=\"elementor-image\">\n\t\t\t\t\t\t\t\t\t\t<img width=\"812\" height=\"457\" src=\"https:\/\/norddach.pl\/wp-content\/uploads\/2021\/02\/20201202_120153-1024x576.jpg\" class=\"attachment-large size-large\" alt=\"\" loading=\"lazy\" srcset=\"https:\/\/norddach.pl\/wp-content\/uploads\/2021\/02\/20201202_120153-1024x576.jpg 1024w, https:\/\/norddach.pl\/wp-content\/uploads\/2021\/02\/20201202_120153-300x169.jpg 300w, https:\/\/norddach.pl\/wp-content\/uploads\/2021\/02\/20201202_120153-768x432.jpg 768w, https:\/\/norddach.pl\/wp-content\/uploads\/2021\/02\/20201202_120153-1536x864.jpg 1536w, https:\/\/norddach.pl\/wp-content\/uploads\/2021\/02\/20201202_120153-2048x1152.jpg 2048w\" sizes=\"(max-width: 812px) 100vw, 812px\" \/>\t\t\t\t\t\t\t\t\t\t\t<\/div>\n\t\t\t\t<\/div>\n\t\t\t\t<\/div>\n\t\t\t\t<div class=\"elementor-element elementor-element-768f257 elementor-widget elementor-widget-image\" data-id=\"768f257\" data-element_type=\"widget\" data-widget_type=\"image.default\">\n\t\t\t\t<div class=\"elementor-widget-container\">\n\t\t\t\t\t<div class=\"elementor-image\">\n\t\t\t\t\t\t\t\t\t\t<img width=\"812\" height=\"457\" src=\"https:\/\/norddach.pl\/wp-content\/uploads\/2021\/02\/20201202_120130-1-1024x576.jpg\" class=\"attachment-large size-large\" alt=\"\" loading=\"lazy\" srcset=\"https:\/\/norddach.pl\/wp-content\/uploads\/2021\/02\/20201202_120130-1-1024x576.jpg 1024w, https:\/\/norddach.pl\/wp-content\/uploads\/2021\/02\/20201202_120130-1-300x169.jpg 300w, https:\/\/norddach.pl\/wp-content\/uploads\/2021\/02\/20201202_120130-1-768x432.jpg 768w, https:\/\/norddach.pl\/wp-content\/uploads\/2021\/02\/20201202_120130-1-1536x864.jpg 1536w, https:\/\/norddach.pl\/wp-content\/uploads\/2021\/02\/20201202_120130-1-2048x1152.jpg 2048w\" sizes=\"(max-width: 812px) 100vw, 812px\" \/>\t\t\t\t\t\t\t\t\t\t\t<\/div>\n\t\t\t\t<\/div>\n\t\t\t\t<\/div>\n\t\t\t\t\t<\/div>\n\t\t<\/div>\n\t\t\t\t\t\t\t<\/div>\n\t\t<\/section>\n\t\t\t\t\t\t<\/div>\n\t\t\t\t\t<\/div>\n\t\t","protected":false},"excerpt":{"rendered":"<p>DEKARSTWO W pracach dekarskich jedn\u0105 z podstaw jest dba\u0142o\u015b\u0107 o szczeg\u00f3\u0142y. U\u0142o\u017cenie dach\u00f3wki na dachu to \u017cadna sztuka &#8211; jednak odpowiednie przygotowanie konstrukcji pod pokrycie dachowe jest podstaw\u0105 zagadnienia.\u00a0 Monta\u017c systemu rynnowego, monta\u017c obr\u00f3bek blacharskich, kt\u00f3re wykonujemy indywidualnie do ka\u017cdego projektu zale\u017cnie od pokrycia i geometrii dachu.\u00a0 W\u0142a\u015bciwe i precyzyjne doci\u0119cie kosza &#8211; to te [&hellip;]<\/p>\n","protected":false},"author":1,"featured_media":0,"parent":0,"menu_order":0,"comment_status":"closed","ping_status":"closed","template":"elementor_header_footer","meta":[],"_links":{"self":[{"href":"https:\/\/norddach.pl\/index.php\/wp-json\/wp\/v2\/pages\/1020"}],"collection":[{"href":"https:\/\/norddach.pl\/index.php\/wp-json\/wp\/v2\/pages"}],"about":[{"href":"https:\/\/norddach.pl\/index.php\/wp-json\/wp\/v2\/types\/page"}],"author":[{"embeddable":true,"href":"https:\/\/norddach.pl\/index.php\/wp-json\/wp\/v2\/users\/1"}],"replies":[{"embeddable":true,"href":"https:\/\/norddach.pl\/index.php\/wp-json\/wp\/v2\/comments?post=1020"}],"version-history":[{"count":10,"href":"https:\/\/norddach.pl\/index.php\/wp-json\/wp\/v2\/pages\/1020\/revisions"}],"predecessor-version":[{"id":1180,"href":"https:\/\/norddach.pl\/index.php\/wp-json\/wp\/v2\/pages\/1020\/revisions\/1180"}],"wp:attachment":[{"href":"https:\/\/norddach.pl\/index.php\/wp-json\/wp\/v2\/media?parent=1020"}],"curies":[{"name":"wp","href":"https:\/\/api.w.org\/{rel}","templated":true}]}}