{"id":1021,"date":"2021-02-10T21:32:11","date_gmt":"2021-02-10T21:32:11","guid":{"rendered":"https:\/\/norddach.pl\/?page_id=1021"},"modified":"2021-02-10T23:12:47","modified_gmt":"2021-02-10T23:12:47","slug":"domy-szkieletowe","status":"publish","type":"page","link":"https:\/\/norddach.pl\/index.php\/domy-szkieletowe\/","title":{"rendered":"DOMY SZKIELETOWE"},"content":{"rendered":"\t\t<div data-elementor-type=\"wp-page\" data-elementor-id=\"1021\" class=\"elementor elementor-1021\" data-elementor-settings=\"[]\">\n\t\t\t\t\t\t\t<div class=\"elementor-section-wrap\">\n\t\t\t\t\t\t\t<section class=\"elementor-section elementor-top-section elementor-element elementor-element-4b3c3df elementor-section-boxed elementor-section-height-default elementor-section-height-default\" data-id=\"4b3c3df\" data-element_type=\"section\">\n\t\t\t\t\t\t<div class=\"elementor-container elementor-column-gap-default\">\n\t\t\t\t\t<div class=\"elementor-column elementor-col-100 elementor-top-column elementor-element elementor-element-eab9160\" data-id=\"eab9160\" data-element_type=\"column\">\n\t\t\t<div class=\"elementor-widget-wrap elementor-element-populated\">\n\t\t\t\t\t\t\t\t<div class=\"elementor-element elementor-element-4a3985d elementor-widget elementor-widget-image\" data-id=\"4a3985d\" data-element_type=\"widget\" data-widget_type=\"image.default\">\n\t\t\t\t<div class=\"elementor-widget-container\">\n\t\t\t\t\t<div class=\"elementor-image\">\n\t\t\t\t\t\t\t\t\t\t<img width=\"812\" height=\"130\" src=\"https:\/\/norddach.pl\/wp-content\/uploads\/2021\/02\/head3-1024x164.jpg\" class=\"attachment-large size-large\" alt=\"\" loading=\"lazy\" srcset=\"https:\/\/norddach.pl\/wp-content\/uploads\/2021\/02\/head3-1024x164.jpg 1024w, https:\/\/norddach.pl\/wp-content\/uploads\/2021\/02\/head3-300x48.jpg 300w, https:\/\/norddach.pl\/wp-content\/uploads\/2021\/02\/head3-768x123.jpg 768w, https:\/\/norddach.pl\/wp-content\/uploads\/2021\/02\/head3.jpg 1500w\" sizes=\"(max-width: 812px) 100vw, 812px\" \/>\t\t\t\t\t\t\t\t\t\t\t<\/div>\n\t\t\t\t<\/div>\n\t\t\t\t<\/div>\n\t\t\t\t\t<\/div>\n\t\t<\/div>\n\t\t\t\t\t\t\t<\/div>\n\t\t<\/section>\n\t\t\t\t<section class=\"elementor-section elementor-top-section elementor-element elementor-element-ed6525a elementor-section-boxed elementor-section-height-default elementor-section-height-default\" data-id=\"ed6525a\" data-element_type=\"section\">\n\t\t\t\t\t\t<div class=\"elementor-container elementor-column-gap-default\">\n\t\t\t\t\t<div class=\"elementor-column elementor-col-100 elementor-top-column elementor-element elementor-element-d4592f0\" data-id=\"d4592f0\" data-element_type=\"column\">\n\t\t\t<div class=\"elementor-widget-wrap elementor-element-populated\">\n\t\t\t\t\t\t\t\t<div class=\"elementor-element elementor-element-295ed02 elementor-widget elementor-widget-heading\" data-id=\"295ed02\" data-element_type=\"widget\" data-widget_type=\"heading.default\">\n\t\t\t\t<div class=\"elementor-widget-container\">\n\t\t\t<h2 class=\"elementor-heading-title elementor-size-default\">DOMY SZKIELETOWE<\/h2>\t\t<\/div>\n\t\t\t\t<\/div>\n\t\t\t\t\t<\/div>\n\t\t<\/div>\n\t\t\t\t\t\t\t<\/div>\n\t\t<\/section>\n\t\t\t\t<section class=\"elementor-section elementor-top-section elementor-element elementor-element-7f51150 elementor-section-boxed elementor-section-height-default elementor-section-height-default\" data-id=\"7f51150\" data-element_type=\"section\">\n\t\t\t\t\t\t<div class=\"elementor-container elementor-column-gap-default\">\n\t\t\t\t\t<div class=\"elementor-column elementor-col-25 elementor-top-column elementor-element elementor-element-d366d10\" data-id=\"d366d10\" data-element_type=\"column\">\n\t\t\t<div class=\"elementor-widget-wrap elementor-element-populated\">\n\t\t\t\t\t\t\t\t<div class=\"elementor-element elementor-element-15bc3bb elementor-widget elementor-widget-text-editor\" data-id=\"15bc3bb\" data-element_type=\"widget\" data-widget_type=\"text-editor.default\">\n\t\t\t\t<div class=\"elementor-widget-container\">\n\t\t\t\t\t<div class=\"elementor-text-editor elementor-clearfix\"><p class=\"Normalny tm5\">Wykonujemy konstrukcje dom\u00f3w szkieletowych wed\u0142ug projektu klienta wraz z elewacj\u0105 i wiatroizolacj\u0105, stolark\u0105 okienn\u0105 i drzwiow\u0105 oraz kompletnym pokryciem dachu z obr\u00f3bkami blacharskimi i systemem rynnowym.<\/p>\n<p class=\"Normalny tm5\"><\/p><\/div>\n\t\t\t\t<\/div>\n\t\t\t\t<\/div>\n\t\t\t\t\t<\/div>\n\t\t<\/div>\n\t\t\t\t<div class=\"elementor-column elementor-col-25 elementor-top-column elementor-element elementor-element-48702bc\" data-id=\"48702bc\" data-element_type=\"column\">\n\t\t\t<div class=\"elementor-widget-wrap elementor-element-populated\">\n\t\t\t\t\t\t\t\t<div class=\"elementor-element elementor-element-6f32ddf elementor-widget elementor-widget-text-editor\" data-id=\"6f32ddf\" data-element_type=\"widget\" data-widget_type=\"text-editor.default\">\n\t\t\t\t<div class=\"elementor-widget-container\">\n\t\t\t\t\t<div class=\"elementor-text-editor elementor-clearfix\"><p class=\"Normalny tm5\"><span class=\"tm6\" style=\"font-size: 16px;\"><span style=\"font-weight: bold;\">Domki letniskowe:<\/span><\/span>\n&#8211; pomagamy w projektowaniu i wykonaniu rysunk\u00f3w niezb\u0119dnych do z\u0142o\u017cenia\nw urz\u0119dzie\n&#8211; wytyczamy posadowienia fundament\u00f3w\n&#8211; wykonujemy konstrukcj\u0119 wraz\nz kompletnym pokryciem dachowym<\/p><\/div>\n\t\t\t\t<\/div>\n\t\t\t\t<\/div>\n\t\t\t\t\t<\/div>\n\t\t<\/div>\n\t\t\t\t<div class=\"elementor-column elementor-col-50 elementor-top-column elementor-element elementor-element-86fae23\" data-id=\"86fae23\" data-element_type=\"column\">\n\t\t\t<div class=\"elementor-widget-wrap elementor-element-populated\">\n\t\t\t\t\t\t\t\t<div class=\"elementor-element elementor-element-11d75cd elementor-widget elementor-widget-image\" data-id=\"11d75cd\" data-element_type=\"widget\" data-widget_type=\"image.default\">\n\t\t\t\t<div class=\"elementor-widget-container\">\n\t\t\t\t\t<div class=\"elementor-image\">\n\t\t\t\t\t\t\t\t\t\t<img width=\"812\" height=\"542\" src=\"https:\/\/norddach.pl\/wp-content\/uploads\/2021\/02\/AdobeStock_179603517-1024x683.jpeg\" class=\"attachment-large size-large\" alt=\"\" loading=\"lazy\" srcset=\"https:\/\/norddach.pl\/wp-content\/uploads\/2021\/02\/AdobeStock_179603517-1024x683.jpeg 1024w, https:\/\/norddach.pl\/wp-content\/uploads\/2021\/02\/AdobeStock_179603517-300x200.jpeg 300w, https:\/\/norddach.pl\/wp-content\/uploads\/2021\/02\/AdobeStock_179603517-768x512.jpeg 768w, https:\/\/norddach.pl\/wp-content\/uploads\/2021\/02\/AdobeStock_179603517-1536x1024.jpeg 1536w, https:\/\/norddach.pl\/wp-content\/uploads\/2021\/02\/AdobeStock_179603517-2048x1365.jpeg 2048w\" sizes=\"(max-width: 812px) 100vw, 812px\" \/>\t\t\t\t\t\t\t\t\t\t\t<\/div>\n\t\t\t\t<\/div>\n\t\t\t\t<\/div>\n\t\t\t\t<div class=\"elementor-element elementor-element-5b60318 elementor-widget elementor-widget-image\" data-id=\"5b60318\" data-element_type=\"widget\" data-widget_type=\"image.default\">\n\t\t\t\t<div class=\"elementor-widget-container\">\n\t\t\t\t\t<div class=\"elementor-image\">\n\t\t\t\t\t\t\t\t\t\t<img width=\"812\" height=\"542\" src=\"https:\/\/norddach.pl\/wp-content\/uploads\/2021\/02\/AdobeStock_97462983-1024x683.jpeg\" class=\"attachment-large size-large\" alt=\"\" loading=\"lazy\" srcset=\"https:\/\/norddach.pl\/wp-content\/uploads\/2021\/02\/AdobeStock_97462983-1024x683.jpeg 1024w, https:\/\/norddach.pl\/wp-content\/uploads\/2021\/02\/AdobeStock_97462983-300x200.jpeg 300w, https:\/\/norddach.pl\/wp-content\/uploads\/2021\/02\/AdobeStock_97462983-768x512.jpeg 768w, https:\/\/norddach.pl\/wp-content\/uploads\/2021\/02\/AdobeStock_97462983-1536x1024.jpeg 1536w, https:\/\/norddach.pl\/wp-content\/uploads\/2021\/02\/AdobeStock_97462983-2048x1365.jpeg 2048w\" sizes=\"(max-width: 812px) 100vw, 812px\" \/>\t\t\t\t\t\t\t\t\t\t\t<\/div>\n\t\t\t\t<\/div>\n\t\t\t\t<\/div>\n\t\t\t\t\t<\/div>\n\t\t<\/div>\n\t\t\t\t\t\t\t<\/div>\n\t\t<\/section>\n\t\t\t\t\t\t<\/div>\n\t\t\t\t\t<\/div>\n\t\t","protected":false},"excerpt":{"rendered":"<p>DOMY SZKIELETOWE Wykonujemy konstrukcje dom\u00f3w szkieletowych wed\u0142ug projektu klienta wraz z elewacj\u0105 i wiatroizolacj\u0105, stolark\u0105 okienn\u0105 i drzwiow\u0105 oraz kompletnym pokryciem dachu z obr\u00f3bkami blacharskimi i systemem rynnowym. Domki letniskowe: &#8211; pomagamy w projektowaniu i wykonaniu rysunk\u00f3w niezb\u0119dnych do z\u0142o\u017cenia w urz\u0119dzie &#8211; wytyczamy posadowienia fundament\u00f3w &#8211; wykonujemy konstrukcj\u0119 wraz z kompletnym pokryciem dachowym<\/p>\n","protected":false},"author":1,"featured_media":0,"parent":0,"menu_order":0,"comment_status":"closed","ping_status":"closed","template":"elementor_header_footer","meta":[],"_links":{"self":[{"href":"https:\/\/norddach.pl\/index.php\/wp-json\/wp\/v2\/pages\/1021"}],"collection":[{"href":"https:\/\/norddach.pl\/index.php\/wp-json\/wp\/v2\/pages"}],"about":[{"href":"https:\/\/norddach.pl\/index.php\/wp-json\/wp\/v2\/types\/page"}],"author":[{"embeddable":true,"href":"https:\/\/norddach.pl\/index.php\/wp-json\/wp\/v2\/users\/1"}],"replies":[{"embeddable":true,"href":"https:\/\/norddach.pl\/index.php\/wp-json\/wp\/v2\/comments?post=1021"}],"version-history":[{"count":7,"href":"https:\/\/norddach.pl\/index.php\/wp-json\/wp\/v2\/pages\/1021\/revisions"}],"predecessor-version":[{"id":1183,"href":"https:\/\/norddach.pl\/index.php\/wp-json\/wp\/v2\/pages\/1021\/revisions\/1183"}],"wp:attachment":[{"href":"https:\/\/norddach.pl\/index.php\/wp-json\/wp\/v2\/media?parent=1021"}],"curies":[{"name":"wp","href":"https:\/\/api.w.org\/{rel}","templated":true}]}}