{"id":1022,"date":"2021-02-10T21:32:11","date_gmt":"2021-02-10T21:32:11","guid":{"rendered":"https:\/\/norddach.pl\/?page_id=1022"},"modified":"2021-02-10T23:12:55","modified_gmt":"2021-02-10T23:12:55","slug":"fotowoltaika","status":"publish","type":"page","link":"https:\/\/norddach.pl\/index.php\/fotowoltaika\/","title":{"rendered":"FOTOWOLTAIKA"},"content":{"rendered":"\t\t<div data-elementor-type=\"wp-page\" data-elementor-id=\"1022\" class=\"elementor elementor-1022\" data-elementor-settings=\"[]\">\n\t\t\t\t\t\t\t<div class=\"elementor-section-wrap\">\n\t\t\t\t\t\t\t<section class=\"elementor-section elementor-top-section elementor-element elementor-element-0c4dfe8 elementor-section-boxed elementor-section-height-default elementor-section-height-default\" data-id=\"0c4dfe8\" data-element_type=\"section\">\n\t\t\t\t\t\t<div class=\"elementor-container elementor-column-gap-default\">\n\t\t\t\t\t<div class=\"elementor-column elementor-col-100 elementor-top-column elementor-element elementor-element-57bbf12\" data-id=\"57bbf12\" data-element_type=\"column\">\n\t\t\t<div class=\"elementor-widget-wrap elementor-element-populated\">\n\t\t\t\t\t\t\t\t<div class=\"elementor-element elementor-element-ed57756 elementor-widget elementor-widget-image\" data-id=\"ed57756\" data-element_type=\"widget\" data-widget_type=\"image.default\">\n\t\t\t\t<div class=\"elementor-widget-container\">\n\t\t\t\t\t<div class=\"elementor-image\">\n\t\t\t\t\t\t\t\t\t\t<img width=\"812\" height=\"130\" src=\"https:\/\/norddach.pl\/wp-content\/uploads\/2021\/02\/head3-1024x164.jpg\" class=\"attachment-large size-large\" alt=\"\" loading=\"lazy\" srcset=\"https:\/\/norddach.pl\/wp-content\/uploads\/2021\/02\/head3-1024x164.jpg 1024w, https:\/\/norddach.pl\/wp-content\/uploads\/2021\/02\/head3-300x48.jpg 300w, https:\/\/norddach.pl\/wp-content\/uploads\/2021\/02\/head3-768x123.jpg 768w, https:\/\/norddach.pl\/wp-content\/uploads\/2021\/02\/head3.jpg 1500w\" sizes=\"(max-width: 812px) 100vw, 812px\" \/>\t\t\t\t\t\t\t\t\t\t\t<\/div>\n\t\t\t\t<\/div>\n\t\t\t\t<\/div>\n\t\t\t\t\t<\/div>\n\t\t<\/div>\n\t\t\t\t\t\t\t<\/div>\n\t\t<\/section>\n\t\t\t\t<section class=\"elementor-section elementor-top-section elementor-element elementor-element-07d21c6 elementor-section-boxed elementor-section-height-default elementor-section-height-default\" data-id=\"07d21c6\" data-element_type=\"section\">\n\t\t\t\t\t\t<div class=\"elementor-container elementor-column-gap-default\">\n\t\t\t\t\t<div class=\"elementor-column elementor-col-100 elementor-top-column elementor-element elementor-element-8d954a0\" data-id=\"8d954a0\" data-element_type=\"column\">\n\t\t\t<div class=\"elementor-widget-wrap elementor-element-populated\">\n\t\t\t\t\t\t\t\t<div class=\"elementor-element elementor-element-6c55bfc elementor-widget elementor-widget-heading\" data-id=\"6c55bfc\" data-element_type=\"widget\" data-widget_type=\"heading.default\">\n\t\t\t\t<div class=\"elementor-widget-container\">\n\t\t\t<h2 class=\"elementor-heading-title elementor-size-default\">FOTOWOLTAIKA<\/h2>\t\t<\/div>\n\t\t\t\t<\/div>\n\t\t\t\t\t<\/div>\n\t\t<\/div>\n\t\t\t\t\t\t\t<\/div>\n\t\t<\/section>\n\t\t\t\t<section class=\"elementor-section elementor-top-section elementor-element elementor-element-ad01e69 elementor-section-boxed elementor-section-height-default elementor-section-height-default\" data-id=\"ad01e69\" data-element_type=\"section\">\n\t\t\t\t\t\t<div class=\"elementor-container elementor-column-gap-default\">\n\t\t\t\t\t<div class=\"elementor-column elementor-col-25 elementor-top-column elementor-element elementor-element-59743f3\" data-id=\"59743f3\" data-element_type=\"column\">\n\t\t\t<div class=\"elementor-widget-wrap elementor-element-populated\">\n\t\t\t\t\t\t\t\t<div class=\"elementor-element elementor-element-48f8185 elementor-widget elementor-widget-text-editor\" data-id=\"48f8185\" data-element_type=\"widget\" data-widget_type=\"text-editor.default\">\n\t\t\t\t<div class=\"elementor-widget-container\">\n\t\t\t\t\t<div class=\"elementor-text-editor elementor-clearfix\"><p class=\"Normalny tm5\">Najbardziej newralgicznym elementem instalacji jest zamocowanie paneli fotowoltaicznych do po\u0142aci dachu. Prawid\u0142owe wykonanie konstrukcji no\u015bnej odpowiednio zatwierdzonej\ndo konstrukcji dachu jest kluczowa (stabilna i szczelna).<\/p>\n<p class=\"Normalny tm5\">Do\u015bwiadczenie w zakresie ciesielstwa\ni dekarstwa, a tak\u017ce wymagane uprawnienia elektroenergetyczne oraz odbyte szkolenia z zakresu instalacji fotowoltaicznych pozwala nam wykona\u0107 ten proces bezpiecznie\ni zgodnie z wymaganiami producenta.<\/p><\/div>\n\t\t\t\t<\/div>\n\t\t\t\t<\/div>\n\t\t\t\t\t<\/div>\n\t\t<\/div>\n\t\t\t\t<div class=\"elementor-column elementor-col-25 elementor-top-column elementor-element elementor-element-ce77607\" data-id=\"ce77607\" data-element_type=\"column\">\n\t\t\t<div class=\"elementor-widget-wrap elementor-element-populated\">\n\t\t\t\t\t\t\t\t<div class=\"elementor-element elementor-element-769d9d2 elementor-widget elementor-widget-text-editor\" data-id=\"769d9d2\" data-element_type=\"widget\" data-widget_type=\"text-editor.default\">\n\t\t\t\t<div class=\"elementor-widget-container\">\n\t\t\t\t\t<div class=\"elementor-text-editor elementor-clearfix\"><p class=\"Normalny tm5\"><span class=\"tm6\"><b>Instalacje fotowoltaiczne:\n<\/b><\/span><b>\u2013 m<\/b>ontujemy Panele fotowoltaiczne na po\u0142aci dachu jak i na gruncie\n\u2013 wykonujemy instalacj\u0119 wraz z przy\u0142\u0105czem\ndo sieci\n\u2013 pomagamy w sprawach formalnych\ni w dofinansowaniach do instalacji<\/p><\/div>\n\t\t\t\t<\/div>\n\t\t\t\t<\/div>\n\t\t\t\t\t<\/div>\n\t\t<\/div>\n\t\t\t\t<div class=\"elementor-column elementor-col-50 elementor-top-column elementor-element elementor-element-abd7007\" data-id=\"abd7007\" data-element_type=\"column\">\n\t\t\t<div class=\"elementor-widget-wrap elementor-element-populated\">\n\t\t\t\t\t\t\t\t<div class=\"elementor-element elementor-element-0471c07 elementor-widget elementor-widget-image\" data-id=\"0471c07\" data-element_type=\"widget\" data-widget_type=\"image.default\">\n\t\t\t\t<div class=\"elementor-widget-container\">\n\t\t\t\t\t<div class=\"elementor-image\">\n\t\t\t\t\t\t\t\t\t\t<img width=\"770\" height=\"513\" src=\"https:\/\/norddach.pl\/wp-content\/uploads\/2021\/02\/panele.jpeg\" class=\"attachment-large size-large\" alt=\"\" loading=\"lazy\" srcset=\"https:\/\/norddach.pl\/wp-content\/uploads\/2021\/02\/panele.jpeg 770w, https:\/\/norddach.pl\/wp-content\/uploads\/2021\/02\/panele-300x200.jpeg 300w, https:\/\/norddach.pl\/wp-content\/uploads\/2021\/02\/panele-768x512.jpeg 768w\" sizes=\"(max-width: 770px) 100vw, 770px\" \/>\t\t\t\t\t\t\t\t\t\t\t<\/div>\n\t\t\t\t<\/div>\n\t\t\t\t<\/div>\n\t\t\t\t<div class=\"elementor-element elementor-element-c56ed3f elementor-widget elementor-widget-image\" data-id=\"c56ed3f\" data-element_type=\"widget\" data-widget_type=\"image.default\">\n\t\t\t\t<div class=\"elementor-widget-container\">\n\t\t\t\t\t<div class=\"elementor-image\">\n\t\t\t\t\t\t\t\t\t\t<img width=\"812\" height=\"542\" src=\"https:\/\/norddach.pl\/wp-content\/uploads\/2021\/02\/AdobeStock_188601751-1024x683.jpeg\" class=\"attachment-large size-large\" alt=\"\" loading=\"lazy\" srcset=\"https:\/\/norddach.pl\/wp-content\/uploads\/2021\/02\/AdobeStock_188601751-1024x683.jpeg 1024w, https:\/\/norddach.pl\/wp-content\/uploads\/2021\/02\/AdobeStock_188601751-300x200.jpeg 300w, https:\/\/norddach.pl\/wp-content\/uploads\/2021\/02\/AdobeStock_188601751-768x512.jpeg 768w, https:\/\/norddach.pl\/wp-content\/uploads\/2021\/02\/AdobeStock_188601751-1536x1024.jpeg 1536w, https:\/\/norddach.pl\/wp-content\/uploads\/2021\/02\/AdobeStock_188601751-2048x1365.jpeg 2048w\" sizes=\"(max-width: 812px) 100vw, 812px\" \/>\t\t\t\t\t\t\t\t\t\t\t<\/div>\n\t\t\t\t<\/div>\n\t\t\t\t<\/div>\n\t\t\t\t\t<\/div>\n\t\t<\/div>\n\t\t\t\t\t\t\t<\/div>\n\t\t<\/section>\n\t\t\t\t\t\t<\/div>\n\t\t\t\t\t<\/div>\n\t\t","protected":false},"excerpt":{"rendered":"<p>FOTOWOLTAIKA Najbardziej newralgicznym elementem instalacji jest zamocowanie paneli fotowoltaicznych do po\u0142aci dachu. Prawid\u0142owe wykonanie konstrukcji no\u015bnej odpowiednio zatwierdzonej do konstrukcji dachu jest kluczowa (stabilna i szczelna). Do\u015bwiadczenie w zakresie ciesielstwa i dekarstwa, a tak\u017ce wymagane uprawnienia elektroenergetyczne oraz odbyte szkolenia z zakresu instalacji fotowoltaicznych pozwala nam wykona\u0107 ten proces bezpiecznie i zgodnie z wymaganiami producenta. [&hellip;]<\/p>\n","protected":false},"author":1,"featured_media":0,"parent":0,"menu_order":0,"comment_status":"closed","ping_status":"closed","template":"elementor_header_footer","meta":[],"_links":{"self":[{"href":"https:\/\/norddach.pl\/index.php\/wp-json\/wp\/v2\/pages\/1022"}],"collection":[{"href":"https:\/\/norddach.pl\/index.php\/wp-json\/wp\/v2\/pages"}],"about":[{"href":"https:\/\/norddach.pl\/index.php\/wp-json\/wp\/v2\/types\/page"}],"author":[{"embeddable":true,"href":"https:\/\/norddach.pl\/index.php\/wp-json\/wp\/v2\/users\/1"}],"replies":[{"embeddable":true,"href":"https:\/\/norddach.pl\/index.php\/wp-json\/wp\/v2\/comments?post=1022"}],"version-history":[{"count":7,"href":"https:\/\/norddach.pl\/index.php\/wp-json\/wp\/v2\/pages\/1022\/revisions"}],"predecessor-version":[{"id":1186,"href":"https:\/\/norddach.pl\/index.php\/wp-json\/wp\/v2\/pages\/1022\/revisions\/1186"}],"wp:attachment":[{"href":"https:\/\/norddach.pl\/index.php\/wp-json\/wp\/v2\/media?parent=1022"}],"curies":[{"name":"wp","href":"https:\/\/api.w.org\/{rel}","templated":true}]}}