{"id":1024,"date":"2021-02-10T21:32:11","date_gmt":"2021-02-10T21:32:11","guid":{"rendered":"https:\/\/norddach.pl\/?page_id=1024"},"modified":"2021-02-10T23:13:14","modified_gmt":"2021-02-10T23:13:14","slug":"materialy","status":"publish","type":"page","link":"https:\/\/norddach.pl\/index.php\/materialy\/","title":{"rendered":"MATERIA\u0141Y"},"content":{"rendered":"\t\t<div data-elementor-type=\"wp-page\" data-elementor-id=\"1024\" class=\"elementor elementor-1024\" data-elementor-settings=\"[]\">\n\t\t\t\t\t\t\t<div class=\"elementor-section-wrap\">\n\t\t\t\t\t\t\t<section class=\"elementor-section elementor-top-section elementor-element elementor-element-051e3ee elementor-section-boxed elementor-section-height-default elementor-section-height-default\" data-id=\"051e3ee\" data-element_type=\"section\">\n\t\t\t\t\t\t<div class=\"elementor-container elementor-column-gap-default\">\n\t\t\t\t\t<div class=\"elementor-column elementor-col-100 elementor-top-column elementor-element elementor-element-c8c27a8\" data-id=\"c8c27a8\" data-element_type=\"column\">\n\t\t\t<div class=\"elementor-widget-wrap elementor-element-populated\">\n\t\t\t\t\t\t\t\t<div class=\"elementor-element elementor-element-d49c643 elementor-widget elementor-widget-image\" data-id=\"d49c643\" data-element_type=\"widget\" data-widget_type=\"image.default\">\n\t\t\t\t<div class=\"elementor-widget-container\">\n\t\t\t\t\t<div class=\"elementor-image\">\n\t\t\t\t\t\t\t\t\t\t<img width=\"812\" height=\"130\" src=\"https:\/\/norddach.pl\/wp-content\/uploads\/2021\/02\/head3-1024x164.jpg\" class=\"attachment-large size-large\" alt=\"\" loading=\"lazy\" srcset=\"https:\/\/norddach.pl\/wp-content\/uploads\/2021\/02\/head3-1024x164.jpg 1024w, https:\/\/norddach.pl\/wp-content\/uploads\/2021\/02\/head3-300x48.jpg 300w, https:\/\/norddach.pl\/wp-content\/uploads\/2021\/02\/head3-768x123.jpg 768w, https:\/\/norddach.pl\/wp-content\/uploads\/2021\/02\/head3.jpg 1500w\" sizes=\"(max-width: 812px) 100vw, 812px\" \/>\t\t\t\t\t\t\t\t\t\t\t<\/div>\n\t\t\t\t<\/div>\n\t\t\t\t<\/div>\n\t\t\t\t\t<\/div>\n\t\t<\/div>\n\t\t\t\t\t\t\t<\/div>\n\t\t<\/section>\n\t\t\t\t<section class=\"elementor-section elementor-top-section elementor-element elementor-element-a9918a2 elementor-section-boxed elementor-section-height-default elementor-section-height-default\" data-id=\"a9918a2\" data-element_type=\"section\">\n\t\t\t\t\t\t<div class=\"elementor-container elementor-column-gap-default\">\n\t\t\t\t\t<div class=\"elementor-column elementor-col-100 elementor-top-column elementor-element elementor-element-017506e\" data-id=\"017506e\" data-element_type=\"column\">\n\t\t\t<div class=\"elementor-widget-wrap elementor-element-populated\">\n\t\t\t\t\t\t\t\t<div class=\"elementor-element elementor-element-bf841c2 elementor-widget elementor-widget-heading\" data-id=\"bf841c2\" data-element_type=\"widget\" data-widget_type=\"heading.default\">\n\t\t\t\t<div class=\"elementor-widget-container\">\n\t\t\t<h2 class=\"elementor-heading-title elementor-size-default\">MATERIA\u0141Y<\/h2>\t\t<\/div>\n\t\t\t\t<\/div>\n\t\t\t\t\t<\/div>\n\t\t<\/div>\n\t\t\t\t\t\t\t<\/div>\n\t\t<\/section>\n\t\t\t\t<section class=\"elementor-section elementor-top-section elementor-element elementor-element-2efeb72 elementor-section-boxed elementor-section-height-default elementor-section-height-default\" data-id=\"2efeb72\" data-element_type=\"section\">\n\t\t\t\t\t\t<div class=\"elementor-container elementor-column-gap-default\">\n\t\t\t\t\t<div class=\"elementor-column elementor-col-50 elementor-top-column elementor-element elementor-element-2ea5ed7\" data-id=\"2ea5ed7\" data-element_type=\"column\">\n\t\t\t<div class=\"elementor-widget-wrap elementor-element-populated\">\n\t\t\t\t\t\t\t\t<div class=\"elementor-element elementor-element-11e0cdb elementor-widget elementor-widget-text-editor\" data-id=\"11e0cdb\" data-element_type=\"widget\" data-widget_type=\"text-editor.default\">\n\t\t\t\t<div class=\"elementor-widget-container\">\n\t\t\t\t\t<div class=\"elementor-text-editor elementor-clearfix\"><p class=\"Normalny tm5\">S\u0142u\u017cymy pomoc\u0105 w doborze odpowiednich materia\u0142\u00f3w oraz w wyliczeniu niezb\u0119dnej ich ilo\u015bci.\n<span style=\"font-style: inherit; font-weight: inherit;\">Nasi klienci mog\u0105 skorzysta\u0107 z naszych rabat\u00f3w w zaprzyja\u017anionych hurtowniach.\n<\/span><span style=\"font-style: inherit; font-weight: inherit;\">Zamawiamy materia\u0142 w imieniu kontrahenta i organizujemy transporty.\n<\/span><span style=\"font-style: inherit; font-weight: inherit;\">Oferujemy r\u00f3wnie\u017c us\u0142ugi kompleksowe z wliczonym materia\u0142em.<\/span><\/p>\n<p class=\"Normalny tm5\"><\/p><\/div>\n\t\t\t\t<\/div>\n\t\t\t\t<\/div>\n\t\t\t\t\t<\/div>\n\t\t<\/div>\n\t\t\t\t<div class=\"elementor-column elementor-col-50 elementor-top-column elementor-element elementor-element-e2b785c\" data-id=\"e2b785c\" data-element_type=\"column\">\n\t\t\t<div class=\"elementor-widget-wrap elementor-element-populated\">\n\t\t\t\t\t\t\t\t<div class=\"elementor-element elementor-element-bdb1009 elementor-widget elementor-widget-image\" data-id=\"bdb1009\" data-element_type=\"widget\" data-widget_type=\"image.default\">\n\t\t\t\t<div class=\"elementor-widget-container\">\n\t\t\t\t\t<div class=\"elementor-image\">\n\t\t\t\t\t\t\t\t\t\t<img width=\"812\" height=\"457\" src=\"https:\/\/norddach.pl\/wp-content\/uploads\/2021\/02\/AdobeStock_355167033-1024x576.jpeg\" class=\"attachment-large size-large\" alt=\"\" loading=\"lazy\" srcset=\"https:\/\/norddach.pl\/wp-content\/uploads\/2021\/02\/AdobeStock_355167033-1024x576.jpeg 1024w, https:\/\/norddach.pl\/wp-content\/uploads\/2021\/02\/AdobeStock_355167033-300x169.jpeg 300w, https:\/\/norddach.pl\/wp-content\/uploads\/2021\/02\/AdobeStock_355167033-768x432.jpeg 768w, https:\/\/norddach.pl\/wp-content\/uploads\/2021\/02\/AdobeStock_355167033-1536x864.jpeg 1536w, https:\/\/norddach.pl\/wp-content\/uploads\/2021\/02\/AdobeStock_355167033-2048x1152.jpeg 2048w\" sizes=\"(max-width: 812px) 100vw, 812px\" \/>\t\t\t\t\t\t\t\t\t\t\t<\/div>\n\t\t\t\t<\/div>\n\t\t\t\t<\/div>\n\t\t\t\t<div class=\"elementor-element elementor-element-8b12887 elementor-widget elementor-widget-image\" data-id=\"8b12887\" data-element_type=\"widget\" data-widget_type=\"image.default\">\n\t\t\t\t<div class=\"elementor-widget-container\">\n\t\t\t\t\t<div class=\"elementor-image\">\n\t\t\t\t\t\t\t\t\t\t<img width=\"812\" height=\"363\" src=\"https:\/\/norddach.pl\/wp-content\/uploads\/2021\/02\/AdobeStock_242527379-1024x458.jpeg\" class=\"attachment-large size-large\" alt=\"\" loading=\"lazy\" srcset=\"https:\/\/norddach.pl\/wp-content\/uploads\/2021\/02\/AdobeStock_242527379-1024x458.jpeg 1024w, https:\/\/norddach.pl\/wp-content\/uploads\/2021\/02\/AdobeStock_242527379-300x134.jpeg 300w, https:\/\/norddach.pl\/wp-content\/uploads\/2021\/02\/AdobeStock_242527379-768x344.jpeg 768w, https:\/\/norddach.pl\/wp-content\/uploads\/2021\/02\/AdobeStock_242527379-1536x687.jpeg 1536w, https:\/\/norddach.pl\/wp-content\/uploads\/2021\/02\/AdobeStock_242527379-2048x916.jpeg 2048w\" sizes=\"(max-width: 812px) 100vw, 812px\" \/>\t\t\t\t\t\t\t\t\t\t\t<\/div>\n\t\t\t\t<\/div>\n\t\t\t\t<\/div>\n\t\t\t\t\t<\/div>\n\t\t<\/div>\n\t\t\t\t\t\t\t<\/div>\n\t\t<\/section>\n\t\t\t\t\t\t<\/div>\n\t\t\t\t\t<\/div>\n\t\t","protected":false},"excerpt":{"rendered":"<p>MATERIA\u0141Y S\u0142u\u017cymy pomoc\u0105 w doborze odpowiednich materia\u0142\u00f3w oraz w wyliczeniu niezb\u0119dnej ich ilo\u015bci. Nasi klienci mog\u0105 skorzysta\u0107 z naszych rabat\u00f3w w zaprzyja\u017anionych hurtowniach. Zamawiamy materia\u0142 w imieniu kontrahenta i organizujemy transporty. Oferujemy r\u00f3wnie\u017c us\u0142ugi kompleksowe z wliczonym materia\u0142em.<\/p>\n","protected":false},"author":1,"featured_media":0,"parent":0,"menu_order":0,"comment_status":"closed","ping_status":"closed","template":"elementor_header_footer","meta":[],"_links":{"self":[{"href":"https:\/\/norddach.pl\/index.php\/wp-json\/wp\/v2\/pages\/1024"}],"collection":[{"href":"https:\/\/norddach.pl\/index.php\/wp-json\/wp\/v2\/pages"}],"about":[{"href":"https:\/\/norddach.pl\/index.php\/wp-json\/wp\/v2\/types\/page"}],"author":[{"embeddable":true,"href":"https:\/\/norddach.pl\/index.php\/wp-json\/wp\/v2\/users\/1"}],"replies":[{"embeddable":true,"href":"https:\/\/norddach.pl\/index.php\/wp-json\/wp\/v2\/comments?post=1024"}],"version-history":[{"count":7,"href":"https:\/\/norddach.pl\/index.php\/wp-json\/wp\/v2\/pages\/1024\/revisions"}],"predecessor-version":[{"id":1192,"href":"https:\/\/norddach.pl\/index.php\/wp-json\/wp\/v2\/pages\/1024\/revisions\/1192"}],"wp:attachment":[{"href":"https:\/\/norddach.pl\/index.php\/wp-json\/wp\/v2\/media?parent=1024"}],"curies":[{"name":"wp","href":"https:\/\/api.w.org\/{rel}","templated":true}]}}